{"id":1947,"date":"2025-09-17T12:14:48","date_gmt":"2025-09-17T12:14:48","guid":{"rendered":"https:\/\/kmc-x.com\/?page_id=1947"},"modified":"2025-09-23T07:13:53","modified_gmt":"2025-09-23T07:13:53","slug":"resources","status":"publish","type":"page","link":"https:\/\/kmc-x.com\/de\/resources\/","title":{"rendered":"Resources"},"content":{"rendered":"<div data-elementor-type=\"wp-page\" data-elementor-id=\"1947\" class=\"elementor elementor-1947\" data-elementor-post-type=\"page\">\n\t\t\t\t<div class=\"elementor-element elementor-element-ffadcf2 e-flex e-con-boxed e-con e-parent\" data-id=\"ffadcf2\" data-element_type=\"container\" data-e-type=\"container\">\n\t\t\t\t\t<div class=\"e-con-inner\">\n\t\t\t\t<div class=\"elementor-element elementor-element-40d45a0 elementor-widget elementor-widget-heading\" data-id=\"40d45a0\" data-element_type=\"widget\" data-e-type=\"widget\" data-widget_type=\"heading.default\">\n\t\t\t\t<div class=\"elementor-widget-container\">\n\t\t\t\t\t<h2 class=\"elementor-heading-title elementor-size-default\">Resources Page<\/h2>\t\t\t\t<\/div>\n\t\t\t\t<\/div>\n\t\t\t\t\t<\/div>\n\t\t\t\t<\/div>\n\t\t<div class=\"elementor-element elementor-element-65d256a e-flex e-con-boxed e-con e-parent\" data-id=\"65d256a\" data-element_type=\"container\" data-e-type=\"container\">\n\t\t\t\t\t<div class=\"e-con-inner\">\n\t\t\t\t<div class=\"elementor-element elementor-element-e3a68cc elementor-widget elementor-widget-n-accordion\" data-id=\"e3a68cc\" data-element_type=\"widget\" data-e-type=\"widget\" data-settings=\"{&quot;default_state&quot;:&quot;expanded&quot;,&quot;max_items_expended&quot;:&quot;one&quot;,&quot;n_accordion_animation_duration&quot;:{&quot;unit&quot;:&quot;ms&quot;,&quot;size&quot;:400,&quot;sizes&quot;:[]}}\" data-widget_type=\"nested-accordion.default\">\n\t\t\t\t<div class=\"elementor-widget-container\">\n\t\t\t\t\t\t\t<div class=\"e-n-accordion\" aria-label=\"Accordion. Open links with Enter or Space, close with Escape, and navigate with Arrow Keys\">\n\t\t\t\t\t\t<details id=\"e-n-accordion-item-2380\" class=\"e-n-accordion-item\" open>\n\t\t\t\t<summary class=\"e-n-accordion-item-title\" data-accordion-index=\"1\" tabindex=\"0\" aria-expanded=\"true\" aria-controls=\"e-n-accordion-item-2380\" >\n\t\t\t\t\t<span class='e-n-accordion-item-title-header'><div class=\"e-n-accordion-item-title-text\"> Hiking and Biking <\/div><\/span>\n\t\t\t\t\t\t\t<span class='e-n-accordion-item-title-icon'>\n\t\t\t<span class='e-opened' ><svg aria-hidden=\"true\" class=\"e-font-icon-svg e-fas-minus\" viewbox=\"0 0 448 512\" xmlns=\"http:\/\/www.w3.org\/2000\/svg\"><path d=\"M416 208H32c-17.67 0-32 14.33-32 32v32c0 17.67 14.33 32 32 32h384c17.67 0 32-14.33 32-32v-32c0-17.67-14.33-32-32-32z\"><\/path><\/svg><\/span>\n\t\t\t<span class='e-closed'><svg aria-hidden=\"true\" class=\"e-font-icon-svg e-fas-plus\" viewbox=\"0 0 448 512\" xmlns=\"http:\/\/www.w3.org\/2000\/svg\"><path d=\"M416 208H272V64c0-17.67-14.33-32-32-32h-32c-17.67 0-32 14.33-32 32v144H32c-17.67 0-32 14.33-32 32v32c0 17.67 14.33 32 32 32h144v144c0 17.67 14.33 32 32 32h32c17.67 0 32-14.33 32-32V304h144c17.67 0 32-14.33 32-32v-32c0-17.67-14.33-32-32-32z\"><\/path><\/svg><\/span>\n\t\t<\/span>\n\n\t\t\t\t\t\t<\/summary>\n\t\t\t\t<div role=\"region\" aria-labelledby=\"e-n-accordion-item-2380\" class=\"elementor-element elementor-element-edc1366 e-con-full e-flex e-con e-child\" data-id=\"edc1366\" data-element_type=\"container\" data-e-type=\"container\">\n\t\t<div role=\"region\" aria-labelledby=\"e-n-accordion-item-2380\" class=\"elementor-element elementor-element-7e67f11 e-grid e-con-boxed e-con e-child\" data-id=\"7e67f11\" data-element_type=\"container\" data-e-type=\"container\">\n\t\t\t\t\t<div class=\"e-con-inner\">\n\t\t<div role=\"region\" aria-labelledby=\"e-n-accordion-item-2380\" class=\"elementor-element elementor-element-e00d016 e-grid e-con-full e-con e-child\" data-id=\"e00d016\" data-element_type=\"container\" data-e-type=\"container\">\n\t\t\t\t<div class=\"elementor-element elementor-element-427a0fc elementor-widget elementor-widget-image\" data-id=\"427a0fc\" data-element_type=\"widget\" data-e-type=\"widget\" data-widget_type=\"image.default\">\n\t\t\t\t<div class=\"elementor-widget-container\">\n\t\t\t\t\t\t\t\t\t\t\t\t\t\t\t\t<a href=\"https:\/\/en.eurovelo.com\/\">\n\t\t\t\t\t\t\t<img decoding=\"async\" width=\"231\" height=\"82\" src=\"https:\/\/kmc-x.com\/wp-content\/uploads\/2025\/09\/Eurovelo-Logo.png\" class=\"attachment-large size-large wp-image-2092\" alt=\"\" \/>\t\t\t\t\t\t\t\t<\/a>\n\t\t\t\t\t\t\t\t\t\t\t\t\t\t\t<\/div>\n\t\t\t\t<\/div>\n\t\t\t\t<div class=\"elementor-element elementor-element-741c8c0 elementor-widget elementor-widget-text-editor\" data-id=\"741c8c0\" data-element_type=\"widget\" data-e-type=\"widget\" data-widget_type=\"text-editor.default\">\n\t\t\t\t<div class=\"elementor-widget-container\">\n\t\t\t\t\t\t\t\t\t<p style=\"text-align: center;\">This website is great for learningabout biking in Europe.\u00a0 They have maps and route planners as well as other helpful information<\/p>\t\t\t\t\t\t\t\t<\/div>\n\t\t\t\t<\/div>\n\t\t\t\t<\/div>\n\t\t<div role=\"region\" aria-labelledby=\"e-n-accordion-item-2380\" class=\"elementor-element elementor-element-5c02da4 e-grid e-con-full e-con e-child\" data-id=\"5c02da4\" data-element_type=\"container\" data-e-type=\"container\">\n\t\t\t\t<div class=\"elementor-element elementor-element-4d52637 elementor-widget elementor-widget-image\" data-id=\"4d52637\" data-element_type=\"widget\" data-e-type=\"widget\" data-widget_type=\"image.default\">\n\t\t\t\t<div class=\"elementor-widget-container\">\n\t\t\t\t\t\t\t\t\t\t\t\t\t\t\t\t<a href=\"https:\/\/www.komoot.com\">\n\t\t\t\t\t\t\t<img decoding=\"async\" src=\"https:\/\/kmc-x.com\/wp-content\/uploads\/elementor\/thumbs\/Komoot-logo-type-rbvymic31p99qle2w009uva07xqbcanwy7ieldy288.webp\" title=\"Komoot-logo-type\" alt=\"Komoot-logo-type\" loading=\"lazy\" \/>\t\t\t\t\t\t\t\t<\/a>\n\t\t\t\t\t\t\t\t\t\t\t\t\t\t\t<\/div>\n\t\t\t\t<\/div>\n\t\t\t\t<div class=\"elementor-element elementor-element-b6eda81 elementor-widget elementor-widget-text-editor\" data-id=\"b6eda81\" data-element_type=\"widget\" data-e-type=\"widget\" data-widget_type=\"text-editor.default\">\n\t\t\t\t<div class=\"elementor-widget-container\">\n\t\t\t\t\t\t\t\t\t<p style=\"text-align: center;\"><strong>Komoot<\/strong> is a versatile website with a companion app for mobile.\u00a0 Users can share routes for hikes and bikes and can track yours with GPS. Free to try with paid version as well<\/p>\t\t\t\t\t\t\t\t<\/div>\n\t\t\t\t<\/div>\n\t\t\t\t<\/div>\n\t\t<div role=\"region\" aria-labelledby=\"e-n-accordion-item-2380\" class=\"elementor-element elementor-element-a4b67c7 e-grid e-con-full e-con e-child\" data-id=\"a4b67c7\" data-element_type=\"container\" data-e-type=\"container\">\n\t\t\t\t<div class=\"elementor-element elementor-element-091d743 elementor-widget elementor-widget-image\" data-id=\"091d743\" data-element_type=\"widget\" data-e-type=\"widget\" data-widget_type=\"image.default\">\n\t\t\t\t<div class=\"elementor-widget-container\">\n\t\t\t\t\t\t\t\t\t\t\t\t\t\t\t\t<a href=\"https:\/\/hiking.waymarkedtrails.org\/#?map=14.0\/49.4442\/7.7392\">\n\t\t\t\t\t\t\t<img fetchpriority=\"high\" decoding=\"async\" width=\"800\" height=\"349\" src=\"https:\/\/kmc-x.com\/wp-content\/uploads\/2025\/09\/Screenshot-2023-12-13-182133-1024x447.png\" class=\"attachment-large size-large wp-image-2110\" alt=\"\" srcset=\"https:\/\/kmc-x.com\/wp-content\/uploads\/2025\/09\/Screenshot-2023-12-13-182133-1024x447.png 1024w, https:\/\/kmc-x.com\/wp-content\/uploads\/2025\/09\/Screenshot-2023-12-13-182133-300x131.png 300w, https:\/\/kmc-x.com\/wp-content\/uploads\/2025\/09\/Screenshot-2023-12-13-182133-768x335.png 768w, https:\/\/kmc-x.com\/wp-content\/uploads\/2025\/09\/Screenshot-2023-12-13-182133-1536x670.png 1536w, https:\/\/kmc-x.com\/wp-content\/uploads\/2025\/09\/Screenshot-2023-12-13-182133.png 1918w\" sizes=\"(max-width: 800px) 100vw, 800px\" \/>\t\t\t\t\t\t\t\t<\/a>\n\t\t\t\t\t\t\t\t\t\t\t\t\t\t\t<\/div>\n\t\t\t\t<\/div>\n\t\t\t\t<div class=\"elementor-element elementor-element-8cbe4de elementor-widget elementor-widget-text-editor\" data-id=\"8cbe4de\" data-element_type=\"widget\" data-e-type=\"widget\" data-widget_type=\"text-editor.default\">\n\t\t\t\t<div class=\"elementor-widget-container\">\n\t\t\t\t\t\t\t\t\t<p><strong>Waymarked Trails<\/strong> is a website that has all the trails for hiking, biking, mountain biking and more.\u00a0 You can even download GPS files and upload it to Komoot, Garmin, Wahoo, etc.\u00a0 Sadly, there is no companion app<\/p>\t\t\t\t\t\t\t\t<\/div>\n\t\t\t\t<\/div>\n\t\t\t\t<\/div>\n\t\t<div role=\"region\" aria-labelledby=\"e-n-accordion-item-2380\" class=\"elementor-element elementor-element-4364fd4 e-grid e-con-full e-con e-child\" data-id=\"4364fd4\" data-element_type=\"container\" data-e-type=\"container\">\n\t\t\t\t<div class=\"elementor-element elementor-element-105e7e6 elementor-widget elementor-widget-image\" data-id=\"105e7e6\" data-element_type=\"widget\" data-e-type=\"widget\" data-widget_type=\"image.default\">\n\t\t\t\t<div class=\"elementor-widget-container\">\n\t\t\t\t\t\t\t\t\t\t\t\t\t\t\t\t<a href=\"https:\/\/www.parkrun.com.de\/seewoog\/\">\n\t\t\t\t\t\t\t<img decoding=\"async\" width=\"431\" height=\"200\" src=\"https:\/\/kmc-x.com\/wp-content\/uploads\/2025\/09\/Parkrun_Logo.webp\" class=\"attachment-large size-large wp-image-2300\" alt=\"\" srcset=\"https:\/\/kmc-x.com\/wp-content\/uploads\/2025\/09\/Parkrun_Logo.webp 431w, https:\/\/kmc-x.com\/wp-content\/uploads\/2025\/09\/Parkrun_Logo-300x139.webp 300w\" sizes=\"(max-width: 431px) 100vw, 431px\" \/>\t\t\t\t\t\t\t\t<\/a>\n\t\t\t\t\t\t\t\t\t\t\t\t\t\t\t<\/div>\n\t\t\t\t<\/div>\n\t\t\t\t<div class=\"elementor-element elementor-element-7ab7851 elementor-widget elementor-widget-text-editor\" data-id=\"7ab7851\" data-element_type=\"widget\" data-e-type=\"widget\" data-widget_type=\"text-editor.default\">\n\t\t\t\t<div class=\"elementor-widget-container\">\n\t\t\t\t\t\t\t\t\t<p>Interested in running a 5k at the Seewoog lake?\u00a0 Parkrun hosts one every Saturday.\u00a0 Click the logo to check out more.<\/p>\t\t\t\t\t\t\t\t<\/div>\n\t\t\t\t<\/div>\n\t\t\t\t<\/div>\n\t\t\t\t\t<\/div>\n\t\t\t\t<\/div>\n\t\t\t\t<\/div>\n\t\t\t\t\t<\/details>\n\t\t\t\t\t<\/div>\n\t\t\t\t\t\t<\/div>\n\t\t\t\t<\/div>\n\t\t\t\t\t<\/div>\n\t\t\t\t<\/div>\n\t\t\t\t<\/div>","protected":false},"excerpt":{"rendered":"<p>Resources Page Hiking and Biking This website is great for learningabout biking in Europe.\u00a0 They have maps and route planners as well as other helpful information Komoot is a versatile website with a companion app for mobile.\u00a0 Users can share routes for hikes and bikes and can track yours with GPS. Free to try with [&hellip;]<\/p>\n<div class=\"pvc_clear\"><\/div>\n<p id=\"pvc_stats_1947\" class=\"pvc_stats all  \" data-element-id=\"1947\" style=\"\"><i class=\"pvc-stats-icon medium\" aria-hidden=\"true\"><svg aria-hidden=\"true\" focusable=\"false\" data-prefix=\"far\" data-icon=\"chart-bar\" role=\"img\" xmlns=\"http:\/\/www.w3.org\/2000\/svg\" viewBox=\"0 0 512 512\" class=\"svg-inline--fa fa-chart-bar fa-w-16 fa-2x\"><path fill=\"currentColor\" d=\"M396.8 352h22.4c6.4 0 12.8-6.4 12.8-12.8V108.8c0-6.4-6.4-12.8-12.8-12.8h-22.4c-6.4 0-12.8 6.4-12.8 12.8v230.4c0 6.4 6.4 12.8 12.8 12.8zm-192 0h22.4c6.4 0 12.8-6.4 12.8-12.8V140.8c0-6.4-6.4-12.8-12.8-12.8h-22.4c-6.4 0-12.8 6.4-12.8 12.8v198.4c0 6.4 6.4 12.8 12.8 12.8zm96 0h22.4c6.4 0 12.8-6.4 12.8-12.8V204.8c0-6.4-6.4-12.8-12.8-12.8h-22.4c-6.4 0-12.8 6.4-12.8 12.8v134.4c0 6.4 6.4 12.8 12.8 12.8zM496 400H48V80c0-8.84-7.16-16-16-16H16C7.16 64 0 71.16 0 80v336c0 17.67 14.33 32 32 32h464c8.84 0 16-7.16 16-16v-16c0-8.84-7.16-16-16-16zm-387.2-48h22.4c6.4 0 12.8-6.4 12.8-12.8v-70.4c0-6.4-6.4-12.8-12.8-12.8h-22.4c-6.4 0-12.8 6.4-12.8 12.8v70.4c0 6.4 6.4 12.8 12.8 12.8z\" class=\"\"><\/path><\/svg><\/i> <img loading=\"lazy\" decoding=\"async\" width=\"16\" height=\"16\" alt=\"Loading\" src=\"https:\/\/kmc-x.com\/wp-content\/plugins\/page-views-count\/ajax-loader-2x.gif\" border=0 \/><\/p>\n<div class=\"pvc_clear\"><\/div>\n","protected":false},"author":1,"featured_media":0,"parent":0,"menu_order":0,"comment_status":"closed","ping_status":"closed","template":"","meta":{"_acf_changed":false,"_monsterinsights_skip_tracking":false,"_monsterinsights_sitenote_active":false,"_monsterinsights_sitenote_note":"","_monsterinsights_sitenote_category":0,"iawp_total_views":21,"footnotes":""},"class_list":["post-1947","page","type-page","status-publish","hentry"],"acf":[],"a3_pvc":{"activated":true,"total_views":0,"today_views":0},"yoast_head":"<!-- This site is optimized with the Yoast SEO plugin v27.5 - https:\/\/yoast.com\/product\/yoast-seo-wordpress\/ -->\n<title>Resources - kmc-x.com<\/title>\n<meta name=\"robots\" content=\"index, follow, max-snippet:-1, max-image-preview:large, max-video-preview:-1\" \/>\n<link rel=\"canonical\" href=\"https:\/\/kmc-x.com\/de\/resources\/\" \/>\n<meta property=\"og:locale\" content=\"de_DE\" \/>\n<meta property=\"og:type\" content=\"article\" \/>\n<meta property=\"og:title\" content=\"Resources - kmc-x.com\" \/>\n<meta property=\"og:description\" content=\"Resources Page Hiking and Biking This website is great for learningabout biking in Europe.\u00a0 They have maps and route planners as well as other helpful information Komoot is a versatile website with a companion app for mobile.\u00a0 Users can share routes for hikes and bikes and can track yours with GPS. Free to try with [&hellip;]\" \/>\n<meta property=\"og:url\" content=\"https:\/\/kmc-x.com\/de\/resources\/\" \/>\n<meta property=\"og:site_name\" content=\"kmc-x.com\" \/>\n<meta property=\"article:publisher\" content=\"https:\/\/www.facebook.com\/people\/KMC-Explorer\/61581807775789\/\" \/>\n<meta property=\"article:modified_time\" content=\"2025-09-23T07:13:53+00:00\" \/>\n<meta property=\"og:image\" content=\"https:\/\/kmc-x.com\/wp-content\/uploads\/2025\/09\/Eurovelo-Logo.png\" \/>\n\t<meta property=\"og:image:width\" content=\"231\" \/>\n\t<meta property=\"og:image:height\" content=\"82\" \/>\n\t<meta property=\"og:image:type\" content=\"image\/png\" \/>\n<meta name=\"twitter:card\" content=\"summary_large_image\" \/>\n<meta name=\"twitter:label1\" content=\"Gesch\u00e4tzte Lesezeit\" \/>\n\t<meta name=\"twitter:data1\" content=\"3\u00a0Minuten\" \/>\n<!-- \/ Yoast SEO plugin. -->","yoast_head_json":{"title":"Resources - kmc-x.com","robots":{"index":"index","follow":"follow","max-snippet":"max-snippet:-1","max-image-preview":"max-image-preview:large","max-video-preview":"max-video-preview:-1"},"canonical":"https:\/\/kmc-x.com\/de\/resources\/","og_locale":"de_DE","og_type":"article","og_title":"Resources - kmc-x.com","og_description":"Resources Page Hiking and Biking This website is great for learningabout biking in Europe.\u00a0 They have maps and route planners as well as other helpful information Komoot is a versatile website with a companion app for mobile.\u00a0 Users can share routes for hikes and bikes and can track yours with GPS. Free to try with [&hellip;]","og_url":"https:\/\/kmc-x.com\/de\/resources\/","og_site_name":"kmc-x.com","article_publisher":"https:\/\/www.facebook.com\/people\/KMC-Explorer\/61581807775789\/","article_modified_time":"2025-09-23T07:13:53+00:00","og_image":[{"width":231,"height":82,"url":"https:\/\/kmc-x.com\/wp-content\/uploads\/2025\/09\/Eurovelo-Logo.png","type":"image\/png"}],"twitter_card":"summary_large_image","twitter_misc":{"Gesch\u00e4tzte Lesezeit":"3\u00a0Minuten"},"schema":{"@context":"https:\/\/schema.org","@graph":[{"@type":"WebPage","@id":"https:\/\/kmc-x.com\/resources\/","url":"https:\/\/kmc-x.com\/resources\/","name":"Resources - kmc-x.com","isPartOf":{"@id":"https:\/\/kmc-x.com\/#website"},"primaryImageOfPage":{"@id":"https:\/\/kmc-x.com\/resources\/#primaryimage"},"image":{"@id":"https:\/\/kmc-x.com\/resources\/#primaryimage"},"thumbnailUrl":"https:\/\/kmc-x.com\/wp-content\/uploads\/2025\/09\/Eurovelo-Logo.png","datePublished":"2025-09-17T12:14:48+00:00","dateModified":"2025-09-23T07:13:53+00:00","breadcrumb":{"@id":"https:\/\/kmc-x.com\/resources\/#breadcrumb"},"inLanguage":"de","potentialAction":[{"@type":"ReadAction","target":["https:\/\/kmc-x.com\/resources\/"]}]},{"@type":"ImageObject","inLanguage":"de","@id":"https:\/\/kmc-x.com\/resources\/#primaryimage","url":"https:\/\/kmc-x.com\/wp-content\/uploads\/2025\/09\/Eurovelo-Logo.png","contentUrl":"https:\/\/kmc-x.com\/wp-content\/uploads\/2025\/09\/Eurovelo-Logo.png"},{"@type":"BreadcrumbList","@id":"https:\/\/kmc-x.com\/resources\/#breadcrumb","itemListElement":[{"@type":"ListItem","position":1,"name":"Home","item":"https:\/\/kmc-x.com\/"},{"@type":"ListItem","position":2,"name":"Resources"}]},{"@type":"WebSite","@id":"https:\/\/kmc-x.com\/#website","url":"https:\/\/kmc-x.com\/","name":"kmc-x.com","description":"Die W\u00e4lder verbergen verlassene Tunnel und Bunker. Die St\u00e4dte produzieren und servieren lokalen Wein. Die Ruinen fl\u00fcstern Geschichten. KMC Explorer hilft Ihnen, das \u00dcberraschende, das Landschaftliche und das Seltsame zu entdecken \u2013 alles innerhalb einer Autostunde von Kaiserslautern entfernt.","publisher":{"@id":"https:\/\/kmc-x.com\/#organization"},"alternateName":"KMCx","potentialAction":[{"@type":"SearchAction","target":{"@type":"EntryPoint","urlTemplate":"https:\/\/kmc-x.com\/?s={search_term_string}"},"query-input":{"@type":"PropertyValueSpecification","valueRequired":true,"valueName":"search_term_string"}}],"inLanguage":"de"},{"@type":"Organization","@id":"https:\/\/kmc-x.com\/#organization","name":"KMC Explorer","alternateName":"KMCx","url":"https:\/\/kmc-x.com\/","logo":{"@type":"ImageObject","inLanguage":"de","@id":"https:\/\/kmc-x.com\/#\/schema\/logo\/image\/","url":"https:\/\/kmc-x.com\/wp-content\/uploads\/2025\/06\/KMCx-Logo-OCPx2.webp","contentUrl":"https:\/\/kmc-x.com\/wp-content\/uploads\/2025\/06\/KMCx-Logo-OCPx2.webp","width":1024,"height":1024,"caption":"KMC Explorer"},"image":{"@id":"https:\/\/kmc-x.com\/#\/schema\/logo\/image\/"},"sameAs":["https:\/\/www.facebook.com\/people\/KMC-Explorer\/61581807775789\/"]}]}},"_links":{"self":[{"href":"https:\/\/kmc-x.com\/de\/wp-json\/wp\/v2\/pages\/1947","targetHints":{"allow":["GET"]}}],"collection":[{"href":"https:\/\/kmc-x.com\/de\/wp-json\/wp\/v2\/pages"}],"about":[{"href":"https:\/\/kmc-x.com\/de\/wp-json\/wp\/v2\/types\/page"}],"author":[{"embeddable":true,"href":"https:\/\/kmc-x.com\/de\/wp-json\/wp\/v2\/users\/1"}],"replies":[{"embeddable":true,"href":"https:\/\/kmc-x.com\/de\/wp-json\/wp\/v2\/comments?post=1947"}],"version-history":[{"count":10,"href":"https:\/\/kmc-x.com\/de\/wp-json\/wp\/v2\/pages\/1947\/revisions"}],"predecessor-version":[{"id":2306,"href":"https:\/\/kmc-x.com\/de\/wp-json\/wp\/v2\/pages\/1947\/revisions\/2306"}],"wp:attachment":[{"href":"https:\/\/kmc-x.com\/de\/wp-json\/wp\/v2\/media?parent=1947"}],"curies":[{"name":"wp","href":"https:\/\/api.w.org\/{rel}","templated":true}]}}