{"id":2870,"date":"2025-10-07T09:37:21","date_gmt":"2025-10-07T09:37:21","guid":{"rendered":"https:\/\/kmc-x.com\/?page_id=2870"},"modified":"2025-11-27T15:18:01","modified_gmt":"2025-11-27T15:18:01","slug":"impressum","status":"publish","type":"page","link":"https:\/\/kmc-x.com\/de\/impressum\/","title":{"rendered":"Impressum"},"content":{"rendered":"<div data-elementor-type=\"wp-page\" data-elementor-id=\"2870\" class=\"elementor elementor-2870\" data-elementor-post-type=\"page\">\n\t\t\t\t<div class=\"elementor-element elementor-element-4b26b19 e-flex e-con-boxed e-con e-parent\" data-id=\"4b26b19\" data-element_type=\"container\" data-e-type=\"container\">\n\t\t\t\t\t<div class=\"e-con-inner\">\n\t\t\t\t<div class=\"elementor-element elementor-element-6bd51a6 elementor-widget elementor-widget-text-editor\" data-id=\"6bd51a6\" data-element_type=\"widget\" data-e-type=\"widget\" data-widget_type=\"text-editor.default\">\n\t\t\t\t<div class=\"elementor-widget-container\">\n\t\t\t\t\t\t\t\t\t<p><strong>kmc-x.com<\/strong><\/p><p>Timothy Beardsley<\/p><p>Keltenweg 72<\/p><p>67663, Kaiserslautern<\/p><p>Germany<\/p><p><strong>Kontakt:\u00a0<\/strong><\/p><p>Tel:\u00a0 0152-53934459<\/p><p>email:\u00a0 info@kmc-x.com<\/p><p>Hinweis: Dies ist eine private, nicht-kommerzielle Website.<\/p><p>Notice:\u00a0 not a commercial website, for information purposes only.<\/p>\t\t\t\t\t\t\t\t<\/div>\n\t\t\t\t<\/div>\n\t\t\t\t\t<\/div>\n\t\t\t\t<\/div>\n\t\t\t\t<\/div>","protected":false},"excerpt":{"rendered":"<p>kmc-x.com Timothy Beardsley Keltenweg 72 67663, Kaiserslautern Germany Kontakt:\u00a0 Tel:\u00a0 0152-53934459 email:\u00a0 info@kmc-x.com Hinweis: Dies ist eine private, nicht-kommerzielle Website. Notice:\u00a0 not a commercial website, for information purposes only.<\/p>\n<div class=\"pvc_clear\"><\/div>\n<p id=\"pvc_stats_2870\" class=\"pvc_stats all\" data-element-id=\"2870\" style=\"\"><i class=\"pvc-stats-icon medium\" aria-hidden=\"true\"><svg aria-hidden=\"true\" focusable=\"false\" data-prefix=\"far\" data-icon=\"chart-bar\" role=\"img\" xmlns=\"http:\/\/www.w3.org\/2000\/svg\" viewbox=\"0 0 512 512\" class=\"svg-inline--fa fa-chart-bar fa-w-16 fa-2x\"><path fill=\"currentColor\" d=\"M396.8 352h22.4c6.4 0 12.8-6.4 12.8-12.8V108.8c0-6.4-6.4-12.8-12.8-12.8h-22.4c-6.4 0-12.8 6.4-12.8 12.8v230.4c0 6.4 6.4 12.8 12.8 12.8zm-192 0h22.4c6.4 0 12.8-6.4 12.8-12.8V140.8c0-6.4-6.4-12.8-12.8-12.8h-22.4c-6.4 0-12.8 6.4-12.8 12.8v198.4c0 6.4 6.4 12.8 12.8 12.8zm96 0h22.4c6.4 0 12.8-6.4 12.8-12.8V204.8c0-6.4-6.4-12.8-12.8-12.8h-22.4c-6.4 0-12.8 6.4-12.8 12.8v134.4c0 6.4 6.4 12.8 12.8 12.8zM496 400H48V80c0-8.84-7.16-16-16-16H16C7.16 64 0 71.16 0 80v336c0 17.67 14.33 32 32 32h464c8.84 0 16-7.16 16-16v-16c0-8.84-7.16-16-16-16zm-387.2-48h22.4c6.4 0 12.8-6.4 12.8-12.8v-70.4c0-6.4-6.4-12.8-12.8-12.8h-22.4c-6.4 0-12.8 6.4-12.8 12.8v70.4c0 6.4 6.4 12.8 12.8 12.8z\" class=\"\"><\/path><\/svg><\/i> <img decoding=\"async\" width=\"16\" height=\"16\" alt=\"Loading\" src=\"https:\/\/kmc-x.com\/wp-content\/plugins\/page-views-count\/ajax-loader-2x.gif\" border=\"0\" \/><\/p>\n<div class=\"pvc_clear\"><\/div>","protected":false},"author":1,"featured_media":0,"parent":0,"menu_order":0,"comment_status":"closed","ping_status":"closed","template":"","meta":{"_acf_changed":false,"_monsterinsights_skip_tracking":false,"_monsterinsights_sitenote_active":false,"_monsterinsights_sitenote_note":"","_monsterinsights_sitenote_category":0,"iawp_total_views":6,"footnotes":""},"class_list":["post-2870","page","type-page","status-publish","hentry"],"acf":[],"yoast_head":"<!-- This site is optimized with the Yoast SEO plugin v27.3 - https:\/\/yoast.com\/product\/yoast-seo-wordpress\/ -->\n<title>Impressum - kmc-x.com<\/title>\n<meta name=\"robots\" content=\"index, follow, max-snippet:-1, max-image-preview:large, max-video-preview:-1\" \/>\n<link rel=\"canonical\" href=\"https:\/\/kmc-x.com\/de\/impressum\/\" \/>\n<meta property=\"og:locale\" content=\"de_DE\" \/>\n<meta property=\"og:type\" content=\"article\" \/>\n<meta property=\"og:title\" content=\"Impressum - kmc-x.com\" \/>\n<meta property=\"og:description\" content=\"kmc-x.com Timothy Beardsley Keltenweg 72 67663, Kaiserslautern Germany Kontakt:\u00a0 Tel:\u00a0 0152-53934459 email:\u00a0 info@kmc-x.com Hinweis: Dies ist eine private, nicht-kommerzielle Website. Notice:\u00a0 not a commercial website, for information purposes only.\" \/>\n<meta property=\"og:url\" content=\"https:\/\/kmc-x.com\/de\/impressum\/\" \/>\n<meta property=\"og:site_name\" content=\"kmc-x.com\" \/>\n<meta property=\"article:publisher\" content=\"https:\/\/www.facebook.com\/people\/KMC-Explorer\/61581807775789\/\" \/>\n<meta property=\"article:modified_time\" content=\"2025-11-27T15:18:01+00:00\" \/>\n<meta property=\"og:image\" content=\"https:\/\/kmc-x.com\/wp-content\/uploads\/2025\/06\/ChatGPT-Image-May-29-2025-09_06_36-PM.png\" \/>\n\t<meta property=\"og:image:width\" content=\"1024\" \/>\n\t<meta property=\"og:image:height\" content=\"1024\" \/>\n\t<meta property=\"og:image:type\" content=\"image\/png\" \/>\n<meta name=\"twitter:card\" content=\"summary_large_image\" \/>\n<meta name=\"twitter:label1\" content=\"Gesch\u00e4tzte Lesezeit\" \/>\n\t<meta name=\"twitter:data1\" content=\"1\u00a0Minute\" \/>\n<!-- \/ Yoast SEO plugin. -->","yoast_head_json":{"title":"Impressum - kmc-x.com","robots":{"index":"index","follow":"follow","max-snippet":"max-snippet:-1","max-image-preview":"max-image-preview:large","max-video-preview":"max-video-preview:-1"},"canonical":"https:\/\/kmc-x.com\/de\/impressum\/","og_locale":"de_DE","og_type":"article","og_title":"Impressum - kmc-x.com","og_description":"kmc-x.com Timothy Beardsley Keltenweg 72 67663, Kaiserslautern Germany Kontakt:\u00a0 Tel:\u00a0 0152-53934459 email:\u00a0 info@kmc-x.com Hinweis: Dies ist eine private, nicht-kommerzielle Website. Notice:\u00a0 not a commercial website, for information purposes only.","og_url":"https:\/\/kmc-x.com\/de\/impressum\/","og_site_name":"kmc-x.com","article_publisher":"https:\/\/www.facebook.com\/people\/KMC-Explorer\/61581807775789\/","article_modified_time":"2025-11-27T15:18:01+00:00","og_image":[{"width":1024,"height":1024,"url":"https:\/\/kmc-x.com\/wp-content\/uploads\/2025\/06\/ChatGPT-Image-May-29-2025-09_06_36-PM.png","type":"image\/png"}],"twitter_card":"summary_large_image","twitter_misc":{"Gesch\u00e4tzte Lesezeit":"1\u00a0Minute"},"schema":{"@context":"https:\/\/schema.org","@graph":[{"@type":"WebPage","@id":"https:\/\/kmc-x.com\/impressum\/","url":"https:\/\/kmc-x.com\/impressum\/","name":"Impressum - kmc-x.com","isPartOf":{"@id":"https:\/\/kmc-x.com\/#website"},"datePublished":"2025-10-07T09:37:21+00:00","dateModified":"2025-11-27T15:18:01+00:00","breadcrumb":{"@id":"https:\/\/kmc-x.com\/impressum\/#breadcrumb"},"inLanguage":"de","potentialAction":[{"@type":"ReadAction","target":["https:\/\/kmc-x.com\/impressum\/"]}]},{"@type":"BreadcrumbList","@id":"https:\/\/kmc-x.com\/impressum\/#breadcrumb","itemListElement":[{"@type":"ListItem","position":1,"name":"Home","item":"https:\/\/kmc-x.com\/"},{"@type":"ListItem","position":2,"name":"Impressum"}]},{"@type":"WebSite","@id":"https:\/\/kmc-x.com\/#website","url":"https:\/\/kmc-x.com\/","name":"kmc-x.com","description":"Die W\u00e4lder verbergen verlassene Tunnel und Bunker. Die St\u00e4dte produzieren und servieren lokalen Wein. Die Ruinen fl\u00fcstern Geschichten. KMC Explorer hilft Ihnen, das \u00dcberraschende, das Landschaftliche und das Seltsame zu entdecken \u2013 alles innerhalb einer Autostunde von Kaiserslautern entfernt.","publisher":{"@id":"https:\/\/kmc-x.com\/#organization"},"alternateName":"KMCx","potentialAction":[{"@type":"SearchAction","target":{"@type":"EntryPoint","urlTemplate":"https:\/\/kmc-x.com\/?s={search_term_string}"},"query-input":{"@type":"PropertyValueSpecification","valueRequired":true,"valueName":"search_term_string"}}],"inLanguage":"de"},{"@type":"Organization","@id":"https:\/\/kmc-x.com\/#organization","name":"KMC Explorer","alternateName":"KMCx","url":"https:\/\/kmc-x.com\/","logo":{"@type":"ImageObject","inLanguage":"de","@id":"https:\/\/kmc-x.com\/#\/schema\/logo\/image\/","url":"https:\/\/kmc-x.com\/wp-content\/uploads\/2025\/06\/KMCx-Logo-OCPx2.webp","contentUrl":"https:\/\/kmc-x.com\/wp-content\/uploads\/2025\/06\/KMCx-Logo-OCPx2.webp","width":1024,"height":1024,"caption":"KMC Explorer"},"image":{"@id":"https:\/\/kmc-x.com\/#\/schema\/logo\/image\/"},"sameAs":["https:\/\/www.facebook.com\/people\/KMC-Explorer\/61581807775789\/"]}]}},"_links":{"self":[{"href":"https:\/\/kmc-x.com\/de\/wp-json\/wp\/v2\/pages\/2870","targetHints":{"allow":["GET"]}}],"collection":[{"href":"https:\/\/kmc-x.com\/de\/wp-json\/wp\/v2\/pages"}],"about":[{"href":"https:\/\/kmc-x.com\/de\/wp-json\/wp\/v2\/types\/page"}],"author":[{"embeddable":true,"href":"https:\/\/kmc-x.com\/de\/wp-json\/wp\/v2\/users\/1"}],"replies":[{"embeddable":true,"href":"https:\/\/kmc-x.com\/de\/wp-json\/wp\/v2\/comments?post=2870"}],"version-history":[{"count":10,"href":"https:\/\/kmc-x.com\/de\/wp-json\/wp\/v2\/pages\/2870\/revisions"}],"predecessor-version":[{"id":3166,"href":"https:\/\/kmc-x.com\/de\/wp-json\/wp\/v2\/pages\/2870\/revisions\/3166"}],"wp:attachment":[{"href":"https:\/\/kmc-x.com\/de\/wp-json\/wp\/v2\/media?parent=2870"}],"curies":[{"name":"wp","href":"https:\/\/api.w.org\/{rel}","templated":true}]}}